{"id":1712,"date":"2025-09-29T16:28:55","date_gmt":"2025-09-29T14:28:55","guid":{"rendered":"https:\/\/olawaclawska.com\/?page_id=1712"},"modified":"2025-10-02T19:20:36","modified_gmt":"2025-10-02T17:20:36","slug":"terms-of-service","status":"publish","type":"page","link":"https:\/\/olawaclawska.com\/pl\/terms-of-service\/","title":{"rendered":"Regulamin us\u0142ug"},"content":{"rendered":"<h2 class=\"wp-block-heading\">Warunki korzystania z us\u0142ug<\/h2>\n\n\n\n<ol class=\"wp-block-list\">\n<li>Aby zarezerwowa\u0107 sesj\u0119\/mentoring, skontaktuj si\u0119 ze mn\u0105 poprzez formularz kontaktowy. <\/li>\n\n\n\n<li>Przeka\u017c\u0119 Ci m\u00f3j numer WhatsApp (w celu ustalenia terminu spotkania) oraz dane do przelewu.<\/li>\n\n\n\n<li>P\u0142atno\u015b\u0107 musi zosta\u0107 dokonana na 48 godzin przed zaplanowan\u0105 sesj\u0105. <\/li>\n\n\n\n<li>Sesje mog\u0105 zosta\u0107 odwo\u0142ane do 24 godzin przed zaplanowanym terminem rozpocz\u0119cia.<\/li>\n\n\n\n<li>Odwo\u0142ania dokonane p\u00f3\u017aniej ni\u017c 24 godziny przed planowanym terminem nie podlegaj\u0105 zwrotowi.<\/li>\n<\/ol>","protected":false},"excerpt":{"rendered":"<p>Warunki korzystania z us\u0142ug<\/p>","protected":false},"author":227333282,"featured_media":0,"parent":0,"menu_order":0,"comment_status":"closed","ping_status":"closed","template":"","meta":{"_crdt_document":"","om_disable_all_campaigns":false,"_monsterinsights_skip_tracking":false,"_monsterinsights_sitenote_active":false,"_monsterinsights_sitenote_note":"","_monsterinsights_sitenote_category":0,"_uf_show_specific_survey":0,"_uf_disable_surveys":false,"footnotes":""},"class_list":["post-1712","page","type-page","status-publish","hentry"],"aioseo_notices":[],"jetpack_likes_enabled":true,"jetpack_sharing_enabled":true,"jetpack_shortlink":"https:\/\/wp.me\/PgJxdJ-rC","jetpack-related-posts":[{"id":1804,"url":"https:\/\/olawaclawska.com\/pl\/1804-2\/","url_meta":{"origin":1712,"position":0},"title":"Terms of service + read before","author":"Aleksandra Waclawska","date":"2 pa\u017adziernika, 2025","format":false,"excerpt":"Terms of Service: In order to book a session\/mentorship reach our via contact form. I will provide you with my whatsup (to arrange the meeting date\/s) and the bank details Payment must be completed 48 hours before the scheduled session (CET). Sessions may be canceled up to 24 hours before\u2026","rel":"","context":"Podobny wpis","block_context":{"text":"Podobny wpis","link":""},"img":{"alt_text":"","src":"","width":0,"height":0},"classes":[]},{"id":992,"url":"https:\/\/olawaclawska.com\/pl\/disclaimer\/","url_meta":{"origin":1712,"position":1},"title":"Przeczytaj przed sesj\u0105","author":"Aleksandra Waclawska","date":"10 wrze\u015bnia, 2025","format":false,"excerpt":"Disclaimer In the Kiloby Inquiries sessions, we investigate the beliefs and perceptions that you have about yourself, others, and the wider world. As with other mindfulness-based practices, we do not give advice, nor do we attempt to change or manage your beliefs or behaviors. By inquiring directly into the nature\u2026","rel":"","context":"Podobny wpis","block_context":{"text":"Podobny wpis","link":""},"img":{"alt_text":"","src":"","width":0,"height":0},"classes":[]},{"id":457,"url":"https:\/\/olawaclawska.com\/pl\/individual-1-on-1-sessions\/","url_meta":{"origin":1712,"position":2},"title":"Pojedyncze sesje","author":"Aleksandra Waclawska","date":"2 wrze\u015bnia, 2025","format":false,"excerpt":"Individual sessions You can choose between a single individual session or a package of four sessions (you save \u20ac50) .The package is perfect if you\u2019d like to start this work without committing to a full mentorship just yet. What do you get? I will guide you and teach you tools\u2026","rel":"","context":"Podobny wpis","block_context":{"text":"Podobny wpis","link":""},"img":{"alt_text":"","src":"https:\/\/i0.wp.com\/olawaclawska.com\/wp-content\/uploads\/2025\/10\/WhatsApp-Image-2025-08-25-at-20.23.32_copy.jpeg?resize=350%2C200&ssl=1","width":350,"height":200,"srcset":"https:\/\/i0.wp.com\/olawaclawska.com\/wp-content\/uploads\/2025\/10\/WhatsApp-Image-2025-08-25-at-20.23.32_copy.jpeg?resize=350%2C200&ssl=1 1x, https:\/\/i0.wp.com\/olawaclawska.com\/wp-content\/uploads\/2025\/10\/WhatsApp-Image-2025-08-25-at-20.23.32_copy.jpeg?resize=525%2C300&ssl=1 1.5x, https:\/\/i0.wp.com\/olawaclawska.com\/wp-content\/uploads\/2025\/10\/WhatsApp-Image-2025-08-25-at-20.23.32_copy.jpeg?resize=700%2C400&ssl=1 2x, https:\/\/i0.wp.com\/olawaclawska.com\/wp-content\/uploads\/2025\/10\/WhatsApp-Image-2025-08-25-at-20.23.32_copy.jpeg?resize=1050%2C600&ssl=1 3x, https:\/\/i0.wp.com\/olawaclawska.com\/wp-content\/uploads\/2025\/10\/WhatsApp-Image-2025-08-25-at-20.23.32_copy.jpeg?resize=1400%2C800&ssl=1 4x"},"classes":[]},{"id":40,"url":"https:\/\/olawaclawska.com\/pl\/how-to-work-together\/","url_meta":{"origin":1712,"position":3},"title":"Ways to work together","author":"Aleksandra Waclawska","date":"14 sierpnia, 2025","format":false,"excerpt":"Take the front seat in your life,embrace yourpower & vulnerability. You\u2019ve tried everything \u2014 talk therapy, somatic work, dream work, mental analysis, spirituality, coaching, distraction, nervous system regulation \u2014 and still\u2026 nothing. No visible results. You\u2019re tired of managing symptoms \u2014 burnout, depression, powerlessness, lack of purpose, constant pushing, chasing\u2026","rel":"","context":"Podobny wpis","block_context":{"text":"Podobny wpis","link":""},"img":{"alt_text":"","src":"https:\/\/i0.wp.com\/olawaclawska.com\/wp-content\/uploads\/2025\/09\/I-have-to-ghost-myself-that-Icant-feel-and-express-my-anger-to-stay-safe.png?resize=350%2C200&ssl=1","width":350,"height":200,"srcset":"https:\/\/i0.wp.com\/olawaclawska.com\/wp-content\/uploads\/2025\/09\/I-have-to-ghost-myself-that-Icant-feel-and-express-my-anger-to-stay-safe.png?resize=350%2C200&ssl=1 1x, https:\/\/i0.wp.com\/olawaclawska.com\/wp-content\/uploads\/2025\/09\/I-have-to-ghost-myself-that-Icant-feel-and-express-my-anger-to-stay-safe.png?resize=525%2C300&ssl=1 1.5x, https:\/\/i0.wp.com\/olawaclawska.com\/wp-content\/uploads\/2025\/09\/I-have-to-ghost-myself-that-Icant-feel-and-express-my-anger-to-stay-safe.png?resize=700%2C400&ssl=1 2x"},"classes":[]},{"id":2100,"url":"https:\/\/olawaclawska.com\/pl\/privacy-policy\/","url_meta":{"origin":1712,"position":4},"title":"Privacy Policy","author":"Aleksandra Waclawska","date":"14 pa\u017adziernika, 2025","format":false,"excerpt":"Privacy Policy (EN) This policy is written in accordance with the General Data Protection Regulation (GDPR) and other applicable data protection laws. 1. Purpose of This Policy The goal of this policy is to give you a clear understanding of: what information I collect from you, how and why it\u2019s\u2026","rel":"","context":"Podobny wpis","block_context":{"text":"Podobny wpis","link":""},"img":{"alt_text":"","src":"","width":0,"height":0},"classes":[]},{"id":2108,"url":"https:\/\/olawaclawska.com\/pl\/polityka-prywatnosci\/","url_meta":{"origin":1712,"position":5},"title":"Polityka Prywatno\u015bci","author":"Aleksandra Waclawska","date":"14 pa\u017adziernika, 2025","format":false,"excerpt":"Polityka prywatno\u015bci (PL) Data wej\u015bcia w \u017cycie: 14 pa\u017adziernika 2025Ostatnia aktualizacja: 14 pa\u017adziernika 2025 W niniejszej Polityce prywatno\u015bci wyja\u015bniam, w jaki spos\u00f3b zbieram, przetwarzam i chroni\u0119 Twoje dane osobowe w zwi\u0105zku z korzystaniem z mojej strony internetowej, formularza kontaktowego, newslettera oraz spotka\u0144 online (prowadzonych przez Zoom). 1. Administrator danych Administratorem\u2026","rel":"","context":"Podobny wpis","block_context":{"text":"Podobny wpis","link":""},"img":{"alt_text":"","src":"","width":0,"height":0},"classes":[]}],"_links":{"self":[{"href":"https:\/\/olawaclawska.com\/pl\/wp-json\/wp\/v2\/pages\/1712","targetHints":{"allow":["GET"]}}],"collection":[{"href":"https:\/\/olawaclawska.com\/pl\/wp-json\/wp\/v2\/pages"}],"about":[{"href":"https:\/\/olawaclawska.com\/pl\/wp-json\/wp\/v2\/types\/page"}],"author":[{"embeddable":true,"href":"https:\/\/olawaclawska.com\/pl\/wp-json\/wp\/v2\/users\/227333282"}],"replies":[{"embeddable":true,"href":"https:\/\/olawaclawska.com\/pl\/wp-json\/wp\/v2\/comments?post=1712"}],"version-history":[{"count":3,"href":"https:\/\/olawaclawska.com\/pl\/wp-json\/wp\/v2\/pages\/1712\/revisions"}],"predecessor-version":[{"id":1802,"href":"https:\/\/olawaclawska.com\/pl\/wp-json\/wp\/v2\/pages\/1712\/revisions\/1802"}],"wp:attachment":[{"href":"https:\/\/olawaclawska.com\/pl\/wp-json\/wp\/v2\/media?parent=1712"}],"curies":[{"name":"wp","href":"https:\/\/api.w.org\/{rel}","templated":true}]}}