{"id":1804,"date":"2025-10-02T19:15:34","date_gmt":"2025-10-02T17:15:34","guid":{"rendered":"https:\/\/olawaclawska.com\/?page_id=1804"},"modified":"2025-10-16T18:32:24","modified_gmt":"2025-10-16T16:32:24","slug":"1804-2","status":"publish","type":"page","link":"https:\/\/olawaclawska.com\/pl\/1804-2\/","title":{"rendered":"Terms of service + read before"},"content":{"rendered":"<h2 class=\"wp-block-heading\">Warunki korzystania z us\u0142ug<\/h2>\n\n\n\n<ol class=\"wp-block-list\">\n<li>Aby zarezerwowa\u0107 sesj\u0119\/mentoring, skontaktuj si\u0119 ze mn\u0105 poprzez formularz kontaktowy. <\/li>\n\n\n\n<li>Przeka\u017c\u0119 Ci m\u00f3j numer WhatsApp (w celu ustalenia terminu spotkania) oraz dane do przelewu.<\/li>\n\n\n\n<li>P\u0142atno\u015b\u0107 musi zosta\u0107 dokonana na 48 godzin przed zaplanowan\u0105 sesj\u0105. <\/li>\n\n\n\n<li>Sesje mog\u0105 zosta\u0107 odwo\u0142ane do 24 godzin przed zaplanowanym terminem rozpocz\u0119cia.<\/li>\n\n\n\n<li>Odwo\u0142ania dokonane p\u00f3\u017aniej ni\u017c 24 godziny przed planowanym terminem nie podlegaj\u0105 zwrotowi.<\/li>\n<\/ol>\n\n\n\n<h2 class=\"wp-block-heading\">Przeczytaj i podpisz przed rozpocz\u0119ciem wsp\u00f3\u0142pracy<\/h2>\n\n\n\n<p class=\"wp-block-paragraph\">Podczas sesji Kiloby Inquiries badamy przekonania i wyobra\u017cenia, jakie masz na temat siebie, innych i \u015bwiata. Podobnie jak w przypadku innych praktyk medytacyjnych, nie udzielamy porad ani nie pr\u00f3bujemy zmienia\u0107 ani zarz\u0105dza\u0107 Twoimi przekonaniami lub zachowaniami. Poprzez bezpo\u015brednie dociekanie natury Twojego obecnego do\u015bwiadczenia, przekonania, wzorce i uwarunkowania cz\u0119sto mog\u0105 si\u0119 rozpl\u0105ta\u0107, rozpu\u015bci\u0107 i dokona\u0107 g\u0142\u0119bokich zmian. Nie oferujemy jednak ani nie gwarantujemy konkretnych wynik\u00f3w.<\/p>\n\n\n\n<p class=\"wp-block-paragraph\">Sesje zapewniaj\u0105 bezpieczn\u0105, nie oceniaj\u0105c\u0105 przestrze\u0144, w kt\u00f3rej mo\u017cna dzieli\u0107 si\u0119 wszelkimi informacjami i uczuciami. Je\u015bli w dowolnym momencie sesji poczujesz dyskomfort lub chcesz przerwa\u0107, daj mi zna\u0107. B\u0119dziemy kontynuowa\u0107 tylko, je\u015bli zechcesz to zrobi\u0107.<\/p>\n\n\n\n<p class=\"wp-block-paragraph\">If you have or think you are suffering from a medical or psychological condition, please consult your doctor or other appropriately qualified professional. Aleksandra Waclawska is not a physician or a licensed health care professional. Kiloby Inquiries is not a substitute for, nor offering medical or psychiatric support or care.<\/p>\n\n\n\n<p class=\"wp-block-paragraph\">Nie mo\u017cemy i nie b\u0119dziemy diagnozowa\u0107 \u017cadnego zaburzenia, stanu ani choroby i nie twierdzimy, \u017ce Kiloby Inquiries leczy jakiekolwiek zaburzenie, stan lub chorob\u0119.<\/p>\n\n\n\n<p class=\"wp-block-paragraph\">Je\u015bli w jakimkolwiek momencie rozwa\u017casz samob\u00f3jstwo lub jak\u0105kolwiek inn\u0105 form\u0119 samookaleczenia lub krzywdzenia innych, porozmawiaj o tym ze mn\u0105.<\/p>\n\n\n\n<p class=\"wp-block-paragraph\">Wszystko, co udost\u0119pniasz na sesjach, jest traktowane z najwy\u017csz\u0105 poufno\u015bci\u0105, chyba \u017ce Ty lub kto\u015b inny jest bezpo\u015brednio nara\u017cony na ryzyko szkody lub maj\u0105 zastosowanie przepisy prawne dotycz\u0105ce obowi\u0105zkowego zg\u0142aszania.&nbsp;&nbsp;<\/p>\n\n\n\n<p class=\"wp-block-paragraph\">Um\u00f3wienie si\u0119 na sesj\u0119 oznacza, \u017ce zapozna\u0142e\u015b\/zapozna\u0142a\u015b si\u0119 z powy\u017cszymi informacjami i oczekiwaniami, rozumiesz je i wyra\u017casz na nie zgod\u0119.<\/p>","protected":false},"excerpt":{"rendered":"<p>Terms of Service: Read and sign off before session In the Kiloby Inquiries sessions, we investigate the beliefs and perceptions that you have about yourself, others, and the wider world. As with other mindfulness-based practices, we do not give advice, nor do we attempt to change or manage your beliefs or behaviors. By inquiring directly [&hellip;]<\/p>\n","protected":false},"author":227333282,"featured_media":0,"parent":0,"menu_order":0,"comment_status":"closed","ping_status":"closed","template":"","meta":{"_crdt_document":"","om_disable_all_campaigns":false,"_monsterinsights_skip_tracking":false,"_monsterinsights_sitenote_active":false,"_monsterinsights_sitenote_note":"","_monsterinsights_sitenote_category":0,"_uf_show_specific_survey":0,"_uf_disable_surveys":false,"footnotes":""},"class_list":["post-1804","page","type-page","status-publish","hentry"],"aioseo_notices":[],"jetpack_likes_enabled":true,"jetpack_sharing_enabled":true,"jetpack_shortlink":"https:\/\/wp.me\/PgJxdJ-t6","jetpack-related-posts":[{"id":1712,"url":"https:\/\/olawaclawska.com\/pl\/terms-of-service\/","url_meta":{"origin":1804,"position":0},"title":"Regulamin us\u0142ug","author":"Aleksandra Waclawska","date":"29 wrze\u015bnia, 2025","format":false,"excerpt":"Terms of Service: In order to book a session\/mentorship reach our via contact form. I will provide you with my whatsup (to arrange the meeting date\/s) and the bank details Payment must be completed 48 hours before the scheduled session (CET). Sessions may be canceled up to 24 hours before\u2026","rel":"","context":"Podobny wpis","block_context":{"text":"Podobny wpis","link":""},"img":{"alt_text":"","src":"","width":0,"height":0},"classes":[]},{"id":992,"url":"https:\/\/olawaclawska.com\/pl\/disclaimer\/","url_meta":{"origin":1804,"position":1},"title":"Przeczytaj przed sesj\u0105","author":"Aleksandra Waclawska","date":"10 wrze\u015bnia, 2025","format":false,"excerpt":"Disclaimer In the Kiloby Inquiries sessions, we investigate the beliefs and perceptions that you have about yourself, others, and the wider world. As with other mindfulness-based practices, we do not give advice, nor do we attempt to change or manage your beliefs or behaviors. By inquiring directly into the nature\u2026","rel":"","context":"Podobny wpis","block_context":{"text":"Podobny wpis","link":""},"img":{"alt_text":"","src":"","width":0,"height":0},"classes":[]},{"id":457,"url":"https:\/\/olawaclawska.com\/pl\/individual-1-on-1-sessions\/","url_meta":{"origin":1804,"position":2},"title":"Pojedyncze sesje","author":"Aleksandra Waclawska","date":"2 wrze\u015bnia, 2025","format":false,"excerpt":"Individual sessions You can choose between a single individual session or a package of four sessions (you save \u20ac50) .The package is perfect if you\u2019d like to start this work without committing to a full mentorship just yet. What do you get? I will guide you and teach you tools\u2026","rel":"","context":"Podobny wpis","block_context":{"text":"Podobny wpis","link":""},"img":{"alt_text":"","src":"https:\/\/i0.wp.com\/olawaclawska.com\/wp-content\/uploads\/2025\/10\/WhatsApp-Image-2025-08-25-at-20.23.32_copy.jpeg?resize=350%2C200&ssl=1","width":350,"height":200,"srcset":"https:\/\/i0.wp.com\/olawaclawska.com\/wp-content\/uploads\/2025\/10\/WhatsApp-Image-2025-08-25-at-20.23.32_copy.jpeg?resize=350%2C200&ssl=1 1x, https:\/\/i0.wp.com\/olawaclawska.com\/wp-content\/uploads\/2025\/10\/WhatsApp-Image-2025-08-25-at-20.23.32_copy.jpeg?resize=525%2C300&ssl=1 1.5x, https:\/\/i0.wp.com\/olawaclawska.com\/wp-content\/uploads\/2025\/10\/WhatsApp-Image-2025-08-25-at-20.23.32_copy.jpeg?resize=700%2C400&ssl=1 2x, https:\/\/i0.wp.com\/olawaclawska.com\/wp-content\/uploads\/2025\/10\/WhatsApp-Image-2025-08-25-at-20.23.32_copy.jpeg?resize=1050%2C600&ssl=1 3x, https:\/\/i0.wp.com\/olawaclawska.com\/wp-content\/uploads\/2025\/10\/WhatsApp-Image-2025-08-25-at-20.23.32_copy.jpeg?resize=1400%2C800&ssl=1 4x"},"classes":[]},{"id":44,"url":"https:\/\/olawaclawska.com\/pl\/contact-me\/","url_meta":{"origin":1804,"position":3},"title":"Wy\u015blij wiadomo\u015b\u0107","author":"Aleksandra Waclawska","date":"14 sierpnia, 2025","format":false,"excerpt":"If you\u2019d like to book a session, please take a moment to read these guidelines first. The controller of the personal data provided in the contact form or sent by email is Aleksandra Wac\u0142awska. Personal data submitted via the contact form or email is processed for the purpose of responding\u2026","rel":"","context":"Podobny wpis","block_context":{"text":"Podobny wpis","link":""},"img":{"alt_text":"","src":"https:\/\/i0.wp.com\/olawaclawska.com\/wp-content\/uploads\/2025\/10\/WhatsApp-Image-2025-09-15-at-16.20.08-1-2.jpeg?resize=350%2C200&ssl=1","width":350,"height":200,"srcset":"https:\/\/i0.wp.com\/olawaclawska.com\/wp-content\/uploads\/2025\/10\/WhatsApp-Image-2025-09-15-at-16.20.08-1-2.jpeg?resize=350%2C200&ssl=1 1x, https:\/\/i0.wp.com\/olawaclawska.com\/wp-content\/uploads\/2025\/10\/WhatsApp-Image-2025-09-15-at-16.20.08-1-2.jpeg?resize=525%2C300&ssl=1 1.5x, https:\/\/i0.wp.com\/olawaclawska.com\/wp-content\/uploads\/2025\/10\/WhatsApp-Image-2025-09-15-at-16.20.08-1-2.jpeg?resize=700%2C400&ssl=1 2x, https:\/\/i0.wp.com\/olawaclawska.com\/wp-content\/uploads\/2025\/10\/WhatsApp-Image-2025-09-15-at-16.20.08-1-2.jpeg?resize=1050%2C600&ssl=1 3x"},"classes":[]},{"id":40,"url":"https:\/\/olawaclawska.com\/pl\/how-to-work-together\/","url_meta":{"origin":1804,"position":4},"title":"Ways to work together","author":"Aleksandra Waclawska","date":"14 sierpnia, 2025","format":false,"excerpt":"Take the front seat in your life,embrace yourpower & vulnerability. You\u2019ve tried everything \u2014 talk therapy, somatic work, dream work, mental analysis, spirituality, coaching, distraction, nervous system regulation \u2014 and still\u2026 nothing. No visible results. You\u2019re tired of managing symptoms \u2014 burnout, depression, powerlessness, lack of purpose, constant pushing, chasing\u2026","rel":"","context":"Podobny wpis","block_context":{"text":"Podobny wpis","link":""},"img":{"alt_text":"","src":"https:\/\/i0.wp.com\/olawaclawska.com\/wp-content\/uploads\/2025\/09\/I-have-to-ghost-myself-that-Icant-feel-and-express-my-anger-to-stay-safe.png?resize=350%2C200&ssl=1","width":350,"height":200,"srcset":"https:\/\/i0.wp.com\/olawaclawska.com\/wp-content\/uploads\/2025\/09\/I-have-to-ghost-myself-that-Icant-feel-and-express-my-anger-to-stay-safe.png?resize=350%2C200&ssl=1 1x, https:\/\/i0.wp.com\/olawaclawska.com\/wp-content\/uploads\/2025\/09\/I-have-to-ghost-myself-that-Icant-feel-and-express-my-anger-to-stay-safe.png?resize=525%2C300&ssl=1 1.5x, https:\/\/i0.wp.com\/olawaclawska.com\/wp-content\/uploads\/2025\/09\/I-have-to-ghost-myself-that-Icant-feel-and-express-my-anger-to-stay-safe.png?resize=700%2C400&ssl=1 2x"},"classes":[]},{"id":453,"url":"https:\/\/olawaclawska.com\/pl\/3-month-1-on-1-mentorship\/","url_meta":{"origin":1804,"position":5},"title":"3-miesi\u0119czny mentoring","author":"Aleksandra Waclawska","date":"2 wrze\u015bnia, 2025","format":false,"excerpt":"3-month mentorship What do you get? 2 x 90-minute live sessions per month weekly consultations via Whatsup (possible Telegramm or Signal): including listening to or watching your processing (up to 10min long) + my advice and additional explanation life-long (upon download) access to the session recordings available in an extended\u2026","rel":"","context":"Podobny wpis","block_context":{"text":"Podobny wpis","link":""},"img":{"alt_text":"","src":"https:\/\/i0.wp.com\/olawaclawska.com\/wp-content\/uploads\/2025\/10\/WhatsApp-Image-2025-09-02-at-15.16.56_copy.jpeg?resize=350%2C200&ssl=1","width":350,"height":200,"srcset":"https:\/\/i0.wp.com\/olawaclawska.com\/wp-content\/uploads\/2025\/10\/WhatsApp-Image-2025-09-02-at-15.16.56_copy.jpeg?resize=350%2C200&ssl=1 1x, https:\/\/i0.wp.com\/olawaclawska.com\/wp-content\/uploads\/2025\/10\/WhatsApp-Image-2025-09-02-at-15.16.56_copy.jpeg?resize=525%2C300&ssl=1 1.5x, https:\/\/i0.wp.com\/olawaclawska.com\/wp-content\/uploads\/2025\/10\/WhatsApp-Image-2025-09-02-at-15.16.56_copy.jpeg?resize=700%2C400&ssl=1 2x, https:\/\/i0.wp.com\/olawaclawska.com\/wp-content\/uploads\/2025\/10\/WhatsApp-Image-2025-09-02-at-15.16.56_copy.jpeg?resize=1050%2C600&ssl=1 3x, https:\/\/i0.wp.com\/olawaclawska.com\/wp-content\/uploads\/2025\/10\/WhatsApp-Image-2025-09-02-at-15.16.56_copy.jpeg?resize=1400%2C800&ssl=1 4x"},"classes":[]}],"_links":{"self":[{"href":"https:\/\/olawaclawska.com\/pl\/wp-json\/wp\/v2\/pages\/1804","targetHints":{"allow":["GET"]}}],"collection":[{"href":"https:\/\/olawaclawska.com\/pl\/wp-json\/wp\/v2\/pages"}],"about":[{"href":"https:\/\/olawaclawska.com\/pl\/wp-json\/wp\/v2\/types\/page"}],"author":[{"embeddable":true,"href":"https:\/\/olawaclawska.com\/pl\/wp-json\/wp\/v2\/users\/227333282"}],"replies":[{"embeddable":true,"href":"https:\/\/olawaclawska.com\/pl\/wp-json\/wp\/v2\/comments?post=1804"}],"version-history":[{"count":3,"href":"https:\/\/olawaclawska.com\/pl\/wp-json\/wp\/v2\/pages\/1804\/revisions"}],"predecessor-version":[{"id":2179,"href":"https:\/\/olawaclawska.com\/pl\/wp-json\/wp\/v2\/pages\/1804\/revisions\/2179"}],"wp:attachment":[{"href":"https:\/\/olawaclawska.com\/pl\/wp-json\/wp\/v2\/media?parent=1804"}],"curies":[{"name":"wp","href":"https:\/\/api.w.org\/{rel}","templated":true}]}}