{"id":2100,"date":"2025-10-14T18:33:44","date_gmt":"2025-10-14T16:33:44","guid":{"rendered":"https:\/\/olawaclawska.com\/?page_id=2100"},"modified":"2025-10-15T12:23:38","modified_gmt":"2025-10-15T10:23:38","slug":"privacy-policy","status":"publish","type":"page","link":"https:\/\/olawaclawska.com\/pl\/privacy-policy\/","title":{"rendered":"Privacy Policy"},"content":{"rendered":"<h1 class=\"wp-block-heading\"><strong>Privacy Policy<\/strong> (EN) <\/h1>\n\n\n\n<p class=\"wp-block-paragraph\"><\/p>\n\n\n\n<p class=\"wp-block-paragraph\"> This policy is written in accordance with the <strong>General Data Protection Regulation (GDPR)<\/strong> and other applicable data protection laws.<\/p>\n\n\n\n<hr class=\"wp-block-separator has-alpha-channel-opacity\"\/>\n\n\n\n<h2 class=\"wp-block-heading\"><strong>1. Purpose of This Policy<\/strong><\/h2>\n\n\n\n<p class=\"wp-block-paragraph\">The goal of this policy is to give you a clear understanding of:<\/p>\n\n\n\n<ul class=\"wp-block-list\">\n<li>what information I collect from you,<\/li>\n\n\n\n<li>how and why it\u2019s used,<\/li>\n\n\n\n<li>how it\u2019s protected, and<\/li>\n\n\n\n<li>what rights you have regarding your personal data.<\/li>\n<\/ul>\n\n\n\n<hr class=\"wp-block-separator has-alpha-channel-opacity\"\/>\n\n\n\n<h2 class=\"wp-block-heading\"><strong>2. Who Is Responsible for Your Data<\/strong><\/h2>\n\n\n\n<p class=\"wp-block-paragraph\"><strong>Data Controller:<\/strong> Aleksandra Wac\u0142awska. <br><strong>Email:<\/strong> welcome@olawaclawska<br><strong>Located in:<\/strong> Poland  <\/p>\n\n\n\n<p class=\"wp-block-paragraph\">I am personally responsible for handling your personal data in connection with this website and all related services.<\/p>\n\n\n\n<hr class=\"wp-block-separator has-alpha-channel-opacity\"\/>\n\n\n\n<h2 class=\"wp-block-heading\"><strong>3. What Kind of Information Is Collected<\/strong><\/h2>\n\n\n\n<p class=\"wp-block-paragraph\">Depending on your interaction with me, I may collect the following:<\/p>\n\n\n\n<h3 class=\"wp-block-heading\">a) Information you provide directly<\/h3>\n\n\n\n<ul class=\"wp-block-list\">\n<li>Name, email address, and phone number (for contact and booking)<\/li>\n\n\n\n<li>Session details (booking date\/time, chosen service, notes, or reflections you choose to share)<\/li>\n\n\n\n<li>Payment or billing information (handled securely by banks or third-party processors such as PayPal)<\/li>\n<\/ul>\n\n\n\n<h3 class=\"wp-block-heading\">b) Information gathered automatically<\/h3>\n\n\n\n<ul class=\"wp-block-list\">\n<li>IP address, browser type, and usage data (via cookies or analytics tools, if used)<\/li>\n\n\n\n<li>Time zone and device data to improve website performance<\/li>\n<\/ul>\n\n\n\n<h3 class=\"wp-block-heading\">c) Marketing and preferences<\/h3>\n\n\n\n<p class=\"wp-block-paragraph\">If you sign up for newsletters, I collect your name and email address, along with your preferences for receiving updates.<\/p>\n\n\n\n<p class=\"wp-block-paragraph\">I do <strong>not<\/strong> collect or store health diagnoses, nor do I process sensitive data unless you voluntarily disclose it as part of your coaching or mentorship process.<\/p>\n\n\n\n<hr class=\"wp-block-separator has-alpha-channel-opacity\"\/>\n\n\n\n<h2 class=\"wp-block-heading\"><strong>4. How and Why Your Data Is Used<\/strong><\/h2>\n\n\n\n<p class=\"wp-block-paragraph\">Your data is used only for legitimate and necessary purposes, including:<\/p>\n\n\n\n<ul class=\"wp-block-list\">\n<li>Delivering and managing coaching or mentorship sessions<\/li>\n\n\n\n<li>Handling bookings, scheduling, and payments<\/li>\n\n\n\n<li>Providing information or responding to your inquiries<\/li>\n\n\n\n<li>Sending updates, materials, or newsletters (only with your consent)<\/li>\n\n\n\n<li>Improving website experience and service quality<\/li>\n\n\n\n<li>Complying with legal or tax obligations<\/li>\n<\/ul>\n\n\n\n<p class=\"wp-block-paragraph\">Your information is <strong>never sold, traded, or rented<\/strong> to anyone.<\/p>\n\n\n\n<hr class=\"wp-block-separator has-alpha-channel-opacity\"\/>\n\n\n\n<h2 class=\"wp-block-heading\"><strong>5. Legal Grounds for Processing Data<\/strong><\/h2>\n\n\n\n<p class=\"wp-block-paragraph\">Under GDPR, data may be processed only on certain legal bases. I rely on the following:<\/p>\n\n\n\n<ul class=\"wp-block-list\">\n<li><strong>Contractual necessity:<\/strong> to provide the services you have booked<\/li>\n\n\n\n<li><strong>Consent:<\/strong> when you subscribe to newsletters or request updates<\/li>\n\n\n\n<li><strong>Legal obligation:<\/strong> to meet accounting and tax requirements<\/li>\n\n\n\n<li><strong>Legitimate interest:<\/strong> to maintain and improve services in ways that respect your rights and privacy<\/li>\n<\/ul>\n\n\n\n<hr class=\"wp-block-separator has-alpha-channel-opacity\"\/>\n\n\n\n<h2 class=\"wp-block-heading\"><strong>6. Data Retention and Security<\/strong><\/h2>\n\n\n\n<p class=\"wp-block-paragraph\">Your personal information is kept <strong>only as long as necessary<\/strong> for the purposes stated above or as required by law.<br>Data is stored on password-protected devices and on GDPR-compliant platforms such as:<\/p>\n\n\n\n<ul class=\"wp-block-list\">\n<li>Zoom (video calls)<\/li>\n\n\n\n<li>Secure email or newsletter providers<\/li>\n<\/ul>\n\n\n\n<p class=\"wp-block-paragraph\">Session notes are confidential and will never be shared without your written consent.<br>Appropriate technical and organizational measures are taken to prevent unauthorized access, loss, or misuse.<\/p>\n\n\n\n<hr class=\"wp-block-separator has-alpha-channel-opacity\"\/>\n\n\n\n<h2 class=\"wp-block-heading\"><strong>7. Your Rights<\/strong><\/h2>\n\n\n\n<p class=\"wp-block-paragraph\">Under GDPR, you have full control over your personal data.<br>You have the right to:<\/p>\n\n\n\n<ul class=\"wp-block-list\">\n<li>Access and review your data<\/li>\n\n\n\n<li>Request corrections or updates<\/li>\n\n\n\n<li>Ask for deletion (\u201cthe right to be forgotten\u201d)<\/li>\n\n\n\n<li>Withdraw consent for processing at any time<\/li>\n\n\n\n<li>Restrict or object to certain processing<\/li>\n\n\n\n<li>Receive a copy of your data in a portable format<\/li>\n\n\n\n<li>File a complaint with your local data protection authority<\/li>\n<\/ul>\n\n\n\n<p class=\"wp-block-paragraph\">To exercise any of these rights, contact: welcome@olawaclawska.com <\/p>\n\n\n\n<hr class=\"wp-block-separator has-alpha-channel-opacity\"\/>\n\n\n\n<h2 class=\"wp-block-heading\"><strong>8. Third-Party Tools and Integrations<\/strong><\/h2>\n\n\n\n<p class=\"wp-block-paragraph\">In order to provide services effectively, I use trusted external tools that may process your data under their own privacy terms:<\/p>\n\n\n\n<ul class=\"wp-block-list\">\n<li><strong>Video sessions:<\/strong> Zoom<\/li>\n\n\n\n<li><strong>Email\/newsletters:<\/strong> Gmail, MailPoet (or similar)<\/li>\n\n\n\n<li><strong>Calendar<\/strong>: Calendly<\/li>\n<\/ul>\n\n\n\n<p class=\"wp-block-paragraph\">Each of these services maintains its own data protection standards and GDPR compliance.<\/p>\n\n\n\n<hr class=\"wp-block-separator has-alpha-channel-opacity\"\/>\n\n\n\n<h2 class=\"wp-block-heading\"><strong>9. Cookies and Analytics<\/strong><\/h2>\n\n\n\n<p class=\"wp-block-paragraph\">Cookies are small text files used to improve website functionality and performance.<br>You can disable cookies at any time through your browser settings.<br>If analytics are enabled, only non-identifiable, aggregate data is used to understand website performance and user experience.<\/p>\n\n\n\n<hr class=\"wp-block-separator has-alpha-channel-opacity\"\/>\n\n\n\n<h2 class=\"wp-block-heading\"><strong>10. Updates to This Policy<\/strong><\/h2>\n\n\n\n<p class=\"wp-block-paragraph\">From time to time, this Privacy Policy may be updated to reflect new regulations or improvements in how data is handled.<br>The most current version will always be available on this page with a revised date.<\/p>\n\n\n\n<hr class=\"wp-block-separator has-alpha-channel-opacity\"\/>\n\n\n\n<h2 class=\"wp-block-heading\"><strong>11. Contact<\/strong><\/h2>\n\n\n\n<p class=\"wp-block-paragraph\">If you have any questions, concerns, or requests related to your personal data, please get in touch:<\/p>\n\n\n\n<p class=\"wp-block-paragraph\"><strong>Aleksandra Wac\u0142awska.<\/strong><br>\ud83d\udce9 welcome@olawaclawska.com<br>\ud83d\udccd Poland<\/p>\n\n\n\n<div style=\"height:11px\" aria-hidden=\"true\" class=\"wp-block-spacer\"><\/div>\n\n\n\n<h1 class=\"wp-block-heading\"><strong>Polityka prywatno\u015bci<\/strong> (PL)<\/h1>\n\n\n\n<p class=\"wp-block-paragraph\"><strong>Data wej\u015bcia w \u017cycie:<\/strong> 6 pa\u017adziernika 2025<br><strong>Ostatnia aktualizacja:<\/strong> 6 pa\u017adziernika 2025<\/p>\n\n\n\n<p class=\"wp-block-paragraph\">W niniejszej Polityce prywatno\u015bci wyja\u015bniam, w jaki spos\u00f3b zbieram, przetwarzam i chroni\u0119 Twoje dane osobowe w zwi\u0105zku z korzystaniem z mojej strony internetowej, formularza kontaktowego, newslettera oraz spotka\u0144 online (prowadzonych przez Zoom).<\/p>\n\n\n\n<hr class=\"wp-block-separator has-alpha-channel-opacity\"\/>\n\n\n\n<h3 class=\"wp-block-heading\"><strong>1. Administrator danych<\/strong><\/h3>\n\n\n\n<p class=\"wp-block-paragraph\">Administratorem Twoich danych osobowych jest <strong>Aleksandra Wac\u0142awska.<\/strong>.<br>Kontakt: welcome@olawaclawska<\/p>\n\n\n\n<hr class=\"wp-block-separator has-alpha-channel-opacity\"\/>\n\n\n\n<h3 class=\"wp-block-heading\"><strong>2. Zakres przetwarzanych danych<\/strong><\/h3>\n\n\n\n<p class=\"wp-block-paragraph\">W zale\u017cno\u015bci od sposobu, w jaki korzystasz z moich us\u0142ug, mog\u0119 przetwarza\u0107 nast\u0119puj\u0105ce dane osobowe:<\/p>\n\n\n\n<ul class=\"wp-block-list\">\n<li>imi\u0119 i nazwisko (je\u015bli podane dobrowolnie),<\/li>\n\n\n\n<li>adres e-mail,<\/li>\n\n\n\n<li>numer telefonu (je\u015bli podany do kontaktu),<\/li>\n\n\n\n<li>dane przekazane dobrowolnie w wiadomo\u015bciach e-mail lub podczas spotka\u0144 online,<\/li>\n\n\n\n<li>dane techniczne zwi\u0105zane z korzystaniem ze strony (adres IP, typ przegl\u0105darki, dane o aktywno\u015bci na stronie \u2013 zbierane anonimowo przez Google Analytics).<\/li>\n<\/ul>\n\n\n\n<p class=\"wp-block-paragraph\">Nie zbieram ani nie przechowuj\u0119 informacji o diagnozach medycznych, ani nie przetwarzam danych wra\u017cliwych, chyba \u017ce dobrowolnie ujawnisz je w ramach procesu coachingowego lub mentoringowego.<\/p>\n\n\n\n<hr class=\"wp-block-separator has-alpha-channel-opacity\"\/>\n\n\n\n<h3 class=\"wp-block-heading\"><strong>3. Cel i podstawa prawna przetwarzania danych<\/strong><\/h3>\n\n\n\n<p class=\"wp-block-paragraph\">Twoje dane s\u0105 przetwarzane w nast\u0119puj\u0105cych celach:<\/p>\n\n\n\n<ol class=\"wp-block-list\">\n<li><strong>Udzielenie odpowiedzi na zapytanie<\/strong> przes\u0142ane przez formularz kontaktowy lub e-mail \u2014 na podstawie art. 6 ust. 1 lit. f RODO (prawnie uzasadniony interes administratora).<\/li>\n\n\n\n<li><strong>Prowadzenie korespondencji i umawianie spotka\u0144 online<\/strong> \u2014 art. 6 ust. 1 lit. b RODO (niezb\u0119dno\u015b\u0107 do wykonania umowy lub dzia\u0142a\u0144 przed jej zawarciem).<\/li>\n\n\n\n<li><strong>Wysy\u0142ka newslettera i tre\u015bci marketingowych<\/strong> \u2014 art. 6 ust. 1 lit. a RODO (zgoda osoby, kt\u00f3rej dane dotycz\u0105).<\/li>\n\n\n\n<li><strong>Analiza statystyk odwiedzin strony i jej ulepszanie<\/strong> \u2014 art. 6 ust. 1 lit. f RODO (uzasadniony interes administratora).<\/li>\n<\/ol>\n\n\n\n<p class=\"wp-block-paragraph\">Podanie danych jest dobrowolne, ale niezb\u0119dne do udzielenia odpowiedzi lub wysy\u0142ki newslettera.<\/p>\n\n\n\n<hr class=\"wp-block-separator has-alpha-channel-opacity\"\/>\n\n\n\n<h3 class=\"wp-block-heading\"><strong>4. Odbiorcy danych<\/strong><\/h3>\n\n\n\n<p class=\"wp-block-paragraph\">Dane mog\u0105 by\u0107 powierzane podmiotom, kt\u00f3re wspieraj\u0105 mnie w ich przetwarzaniu, takim jak:<\/p>\n\n\n\n<ul class=\"wp-block-list\">\n<li>dostawca us\u0142ugi newslettera <strong>MailPoet<\/strong>,<\/li>\n\n\n\n<li>dostawca narz\u0119dzia do spotka\u0144 online <strong>Zoom Video Communications, Inc.<\/strong>,<\/li>\n\n\n\n<li><strong>Google LLC<\/strong> \u2013 w zakresie us\u0142ugi Google Analytics (analiza ruchu na stronie),<\/li>\n\n\n\n<li>podmioty \u015bwiadcz\u0105ce us\u0142ugi hostingowe i IT.<\/li>\n<\/ul>\n\n\n\n<p class=\"wp-block-paragraph\">Wszystkie te podmioty przetwarzaj\u0105 dane zgodnie z przepisami RODO i na podstawie odpowiednich um\u00f3w powierzenia.<\/p>\n\n\n\n<hr class=\"wp-block-separator has-alpha-channel-opacity\"\/>\n\n\n\n<h3 class=\"wp-block-heading\"><strong>5. Przechowywanie danych<\/strong><\/h3>\n\n\n\n<p class=\"wp-block-paragraph\">Dane przechowuj\u0119 przez okres niezb\u0119dny do realizacji celu, dla kt\u00f3rego zosta\u0142y zebrane:<\/p>\n\n\n\n<ul class=\"wp-block-list\">\n<li>dane kontaktowe \u2014 do zako\u0144czenia korespondencji,<\/li>\n\n\n\n<li>dane newsletterowe \u2014 do czasu cofni\u0119cia zgody,<\/li>\n\n\n\n<li>dane z Google Analytics \u2014 maksymalnie przez 14 miesi\u0119cy (zgodnie z ustawieniami narz\u0119dzia).<\/li>\n<\/ul>\n\n\n\n<p class=\"wp-block-paragraph\">Po up\u0142ywie tego okresu dane s\u0105 usuwane lub anonimizowane.<\/p>\n\n\n\n<hr class=\"wp-block-separator has-alpha-channel-opacity\"\/>\n\n\n\n<h3 class=\"wp-block-heading\"><strong>6. Twoje prawa<\/strong><\/h3>\n\n\n\n<p class=\"wp-block-paragraph\">Zgodnie z RODO przys\u0142uguj\u0105 Ci nast\u0119puj\u0105ce prawa:<\/p>\n\n\n\n<ul class=\"wp-block-list\">\n<li>prawo dost\u0119pu do swoich danych,<\/li>\n\n\n\n<li>prawo ich sprostowania,<\/li>\n\n\n\n<li>prawo usuni\u0119cia danych (\u201eprawo do bycia zapomnianym\u201d),<\/li>\n\n\n\n<li>prawo ograniczenia przetwarzania,<\/li>\n\n\n\n<li>prawo do przenoszenia danych,<\/li>\n\n\n\n<li>prawo wniesienia sprzeciwu wobec przetwarzania,<\/li>\n\n\n\n<li>prawo do cofni\u0119cia zgody w dowolnym momencie (bez wp\u0142ywu na zgodno\u015b\u0107 z prawem wcze\u015bniejszego przetwarzania).<\/li>\n<\/ul>\n\n\n\n<p class=\"wp-block-paragraph\">W celu realizacji swoich praw mo\u017cesz skontaktowa\u0107 si\u0119 ze mn\u0105 mailowo: welcome@olawaclawska.<br>Masz tak\u017ce prawo z\u0142o\u017cy\u0107 skarg\u0119 do <strong>Prezesa Urz\u0119du Ochrony Danych Osobowych (UODO)<\/strong>.<\/p>\n\n\n\n<hr class=\"wp-block-separator has-alpha-channel-opacity\"\/>\n\n\n\n<h3 class=\"wp-block-heading\"><strong>7. Pliki cookies i analityka<\/strong><\/h3>\n\n\n\n<p class=\"wp-block-paragraph\">Strona wykorzystuje pliki cookies w celu zapewnienia jej prawid\u0142owego dzia\u0142ania oraz analizy statystyk odwiedzin (Google Analytics).<br>Mo\u017cesz w ka\u017cdej chwili zablokowa\u0107 zapisywanie cookies w ustawieniach swojej przegl\u0105darki.<\/p>\n\n\n\n<hr class=\"wp-block-separator has-alpha-channel-opacity\"\/>\n\n\n\n<h3 class=\"wp-block-heading\"><strong>8. Spotkania online (Zoom)<\/strong><\/h3>\n\n\n\n<p class=\"wp-block-paragraph\">Spotkania odbywaj\u0105 si\u0119 za po\u015brednictwem platformy <strong>Zoom<\/strong>.<br>Nie s\u0105 one nagrywane bez Twojej wyra\u017anej zgody.<br>Dane uczestnik\u00f3w (imi\u0119, adres e-mail, identyfikator spotkania) przetwarzane s\u0105 wy\u0142\u0105cznie w celu umo\u017cliwienia udzia\u0142u w sesji.<\/p>\n\n\n\n<hr class=\"wp-block-separator has-alpha-channel-opacity\"\/>\n\n\n\n<h3 class=\"wp-block-heading\"><strong>9. Zmiany w Polityce prywatno\u015bci<\/strong><\/h3>\n\n\n\n<p class=\"wp-block-paragraph\">Zastrzegam sobie prawo do aktualizacji niniejszej Polityki prywatno\u015bci, je\u015bli zajdzie taka potrzeba.<br>Aktualna wersja zawsze b\u0119dzie dost\u0119pna na stronie internetowej wraz z dat\u0105 ostatniej zmiany.<\/p>\n\n\n\n<hr class=\"wp-block-separator has-alpha-channel-opacity\"\/>\n\n\n\n<h3 class=\"wp-block-heading\"><strong>10. Kontakt<\/strong><\/h3>\n\n\n\n<p class=\"wp-block-paragraph\">W sprawach zwi\u0105zanych z ochron\u0105 danych osobowych skontaktuj si\u0119:<br>\ud83d\udce7 welcome@olawaclawska<\/p>\n\n\n\n<hr class=\"wp-block-separator has-alpha-channel-opacity\"\/>\n\n\n\n<p class=\"wp-block-paragraph\"><\/p>","protected":false},"excerpt":{"rendered":"<p>Privacy Policy (EN) This policy is written in accordance with the General Data Protection Regulation (GDPR) and other applicable data protection laws. 1. Purpose of This Policy The goal of this policy is to give you a clear understanding of: 2. Who Is Responsible for Your Data Data Controller: Aleksandra Wac\u0142awska Email: welcome@olawaclawskaLocated in: Poland [&hellip;]<\/p>\n","protected":false},"author":227333282,"featured_media":0,"parent":0,"menu_order":0,"comment_status":"closed","ping_status":"closed","template":"","meta":{"_crdt_document":"","om_disable_all_campaigns":false,"_monsterinsights_skip_tracking":false,"_monsterinsights_sitenote_active":false,"_monsterinsights_sitenote_note":"","_monsterinsights_sitenote_category":0,"_uf_show_specific_survey":0,"_uf_disable_surveys":false,"jetpack_post_was_ever_published":false,"footnotes":""},"class_list":["post-2100","page","type-page","status-publish","hentry"],"aioseo_notices":[],"jetpack_likes_enabled":true,"jetpack_sharing_enabled":true,"jetpack_shortlink":"https:\/\/wp.me\/PgJxdJ-xS","jetpack-related-posts":[{"id":44,"url":"https:\/\/olawaclawska.com\/pl\/contact-me\/","url_meta":{"origin":2100,"position":0},"title":"Wy\u015blij wiadomo\u015b\u0107","author":"Aleksandra Waclawska","date":"14 sierpnia, 2025","format":false,"excerpt":"If you\u2019d like to book a session, please take a moment to read these guidelines first. The controller of the personal data provided in the contact form or sent by email is Aleksandra Wac\u0142awska. Personal data submitted via the contact form or email is processed for the purpose of responding\u2026","rel":"","context":"Podobny wpis","block_context":{"text":"Podobny wpis","link":""},"img":{"alt_text":"","src":"https:\/\/i0.wp.com\/olawaclawska.com\/wp-content\/uploads\/2025\/10\/WhatsApp-Image-2025-09-15-at-16.20.08-1-2.jpeg?resize=350%2C200&ssl=1","width":350,"height":200,"srcset":"https:\/\/i0.wp.com\/olawaclawska.com\/wp-content\/uploads\/2025\/10\/WhatsApp-Image-2025-09-15-at-16.20.08-1-2.jpeg?resize=350%2C200&ssl=1 1x, https:\/\/i0.wp.com\/olawaclawska.com\/wp-content\/uploads\/2025\/10\/WhatsApp-Image-2025-09-15-at-16.20.08-1-2.jpeg?resize=525%2C300&ssl=1 1.5x, https:\/\/i0.wp.com\/olawaclawska.com\/wp-content\/uploads\/2025\/10\/WhatsApp-Image-2025-09-15-at-16.20.08-1-2.jpeg?resize=700%2C400&ssl=1 2x, https:\/\/i0.wp.com\/olawaclawska.com\/wp-content\/uploads\/2025\/10\/WhatsApp-Image-2025-09-15-at-16.20.08-1-2.jpeg?resize=1050%2C600&ssl=1 3x"},"classes":[]},{"id":2108,"url":"https:\/\/olawaclawska.com\/pl\/polityka-prywatnosci\/","url_meta":{"origin":2100,"position":1},"title":"Polityka Prywatno\u015bci","author":"Aleksandra Waclawska","date":"14 pa\u017adziernika, 2025","format":false,"excerpt":"Polityka prywatno\u015bci (PL) Data wej\u015bcia w \u017cycie: 14 pa\u017adziernika 2025Ostatnia aktualizacja: 14 pa\u017adziernika 2025 W niniejszej Polityce prywatno\u015bci wyja\u015bniam, w jaki spos\u00f3b zbieram, przetwarzam i chroni\u0119 Twoje dane osobowe w zwi\u0105zku z korzystaniem z mojej strony internetowej, formularza kontaktowego, newslettera oraz spotka\u0144 online (prowadzonych przez Zoom). 1. Administrator danych Administratorem\u2026","rel":"","context":"Podobny wpis","block_context":{"text":"Podobny wpis","link":""},"img":{"alt_text":"","src":"","width":0,"height":0},"classes":[]}],"_links":{"self":[{"href":"https:\/\/olawaclawska.com\/pl\/wp-json\/wp\/v2\/pages\/2100","targetHints":{"allow":["GET"]}}],"collection":[{"href":"https:\/\/olawaclawska.com\/pl\/wp-json\/wp\/v2\/pages"}],"about":[{"href":"https:\/\/olawaclawska.com\/pl\/wp-json\/wp\/v2\/types\/page"}],"author":[{"embeddable":true,"href":"https:\/\/olawaclawska.com\/pl\/wp-json\/wp\/v2\/users\/227333282"}],"replies":[{"embeddable":true,"href":"https:\/\/olawaclawska.com\/pl\/wp-json\/wp\/v2\/comments?post=2100"}],"version-history":[{"count":6,"href":"https:\/\/olawaclawska.com\/pl\/wp-json\/wp\/v2\/pages\/2100\/revisions"}],"predecessor-version":[{"id":2132,"href":"https:\/\/olawaclawska.com\/pl\/wp-json\/wp\/v2\/pages\/2100\/revisions\/2132"}],"wp:attachment":[{"href":"https:\/\/olawaclawska.com\/pl\/wp-json\/wp\/v2\/media?parent=2100"}],"curies":[{"name":"wp","href":"https:\/\/api.w.org\/{rel}","templated":true}]}}